{"id":369,"date":"2018-01-18T15:16:08","date_gmt":"2018-01-18T14:16:08","guid":{"rendered":"http:\/\/kinderwunschpraxis.com\/?page_id=369"},"modified":"2018-08-30T16:27:36","modified_gmt":"2018-08-30T14:27:36","slug":"impressum","status":"publish","type":"page","link":"https:\/\/www.kinderwunschpraxis.com\/en\/impressum\/","title":{"rendered":"Imprint"},"content":{"rendered":"<div   class='avia-fullscreen-slider main_color   avia-builder-el-0  el_before_av_four_fifth  avia-builder-el-first  container_wrap sidebar_right'  ><div  class='avia-slideshow av-av_fullscreen-54343110d93b14dba1f51d8e7a783c0f avia-slideshow-no scaling av_fullscreen avia-slide-slider av-slideshow-ui av-control-default av-slideshow-manual av-loop-once av-loop-manual-endless av-default-height-applied   avia-slideshow-1' data-slideshow-options=\"{&quot;animation&quot;:&quot;slide&quot;,&quot;autoplay&quot;:false,&quot;loop_autoplay&quot;:&quot;once&quot;,&quot;interval&quot;:7,&quot;loop_manual&quot;:&quot;manual-endless&quot;,&quot;autoplay_stopper&quot;:false,&quot;noNavigation&quot;:false,&quot;bg_slider&quot;:true,&quot;keep_padding&quot;:false,&quot;hoverpause&quot;:false,&quot;show_slide_delay&quot;:0,&quot;slide_height&quot;:&quot;100&quot;,&quot;image_attachment&quot;:&quot;scroll&quot;}\"  itemprop=\"image\" itemscope=\"itemscope\" itemtype=\"https:\/\/schema.org\/ImageObject\" ><ul class='avia-slideshow-inner ' style='padding-bottom: 39.674198633736%;'><li style='background-position:center center;' data-img-url='https:\/\/www.kinderwunschpraxis.com\/wp-content\/uploads\/2018\/04\/Impressum-Slide-02.jpg' class='avia-slideshow-slide av-av_fullscreen-54343110d93b14dba1f51d8e7a783c0f__0  av-single-slide slide-1 slide-odd'><div data-rel='slideshow-1' class='avia-slide-wrap '   ><\/div><\/li><\/ul><\/div><\/div><div id='after_full_slider_1'  class='main_color av_default_container_wrap container_wrap sidebar_right'  ><div class='container av-section-cont-open' ><div class='template-page content  av-content-small alpha units'><div class='post-entry post-entry-type-page post-entry-369'><div class='entry-content-wrapper clearfix'>\n\n<style type=\"text\/css\" data-created_by=\"avia_inline_auto\" id=\"style-css-av-av_four_fifth-15d750bd1b332b34c6e70b077ebbccdf\">\n.flex_column.av-av_four_fifth-15d750bd1b332b34c6e70b077ebbccdf{\nborder-radius:0px 0px 0px 0px;\npadding:0px 0px 0px 0px;\n}\n<\/style>\n<div  class='flex_column av-av_four_fifth-15d750bd1b332b34c6e70b077ebbccdf av_four_fifth  avia-builder-el-1  el_after_av_fullscreen  el_before_av_hr  avia-builder-el-first  first flex_column_div av-zero-column-padding  '     ><p>\n<style type=\"text\/css\" data-created_by=\"avia_inline_auto\" id=\"style-css-av-av_heading-02e444eeed5e28ea8030ec5de51c5522\">\n#top .av-special-heading.av-av_heading-02e444eeed5e28ea8030ec5de51c5522{\npadding-bottom:10px;\ncolor:#f0a000;\n}\nbody .av-special-heading.av-av_heading-02e444eeed5e28ea8030ec5de51c5522 .av-special-heading-tag .heading-char{\nfont-size:25px;\n}\n.av-special-heading.av-av_heading-02e444eeed5e28ea8030ec5de51c5522 .special-heading-inner-border{\nborder-color:#f0a000;\n}\n.av-special-heading.av-av_heading-02e444eeed5e28ea8030ec5de51c5522 .av-subheading{\nfont-size:15px;\n}\n<\/style>\n<div  class='av-special-heading av-av_heading-02e444eeed5e28ea8030ec5de51c5522 av-special-heading-h1 custom-color-heading blockquote modern-quote  avia-builder-el-2  el_before_av_hr  avia-builder-el-first '><h1 class='av-special-heading-tag '  itemprop=\"headline\"  >Imprint<\/h1><div class=\"special-heading-border\"><div class=\"special-heading-inner-border\"><\/div><\/div><\/div><br \/>\n\n<style type=\"text\/css\" data-created_by=\"avia_inline_auto\" id=\"style-css-av-av_hr-4474f20d2389e2e5ecf918a02da5132e\">\n#top .hr.hr-invisible.av-av_hr-4474f20d2389e2e5ecf918a02da5132e{\nheight:50px;\n}\n<\/style>\n<div  class='hr av-av_hr-4474f20d2389e2e5ecf918a02da5132e hr-invisible  avia-builder-el-3  el_after_av_heading  el_before_av_textblock '><span class='hr-inner '><span class=\"hr-inner-style\"><\/span><\/span><\/div><br \/>\n<section  class='av_textblock_section av-av_textblock-2de302bf1aa3cf4c9157dbe6f50ac7eb '   itemscope=\"itemscope\" itemtype=\"https:\/\/schema.org\/CreativeWork\" ><div class='avia_textblock'  itemprop=\"text\" ><h4>Information provided according to Sec. 5 German Telemedia Act (TMG)<\/h4>\n<p>Frauen\u00e4rzte \u2022 Gyn\u00e4kologische Endokrinologie und Reproduktionsmedizin \u2022 Gemeinschaftspraxis<br \/>\nHagellocher Weg 63<br \/>\n72070 T\u00fcbingen<\/p>\n<h4>Represented by<\/h4>\n<p>Dr. med. In\u00e9s G\u00f6hring und Dr. med. Ulrich G\u00f6hring<\/p>\n<h4>Contact<\/h4>\n<p>Telephone: 07071 \u2013 94 663-0 Telefax: 07071 \u2013 94 663 99 Email: info@kinderwunschpraxis.com<\/p>\n<h4>Register entry<\/h4>\n<p>Entry in the Partnerschaftsregister. Registering court: Amtsgericht Stuttgart Registration number: PR720283<\/p>\n<h4>VAT<\/h4>\n<p>VAT Id number according to Sec. 27 a German Value Added Tax Act: DE314817767<\/p>\n<h4>Supervising authority<\/h4>\n<p>Landesbeauftragter f\u00fcr den Datenschutz Baden-W\u00fcrttemberg K\u00f6nigstra\u00dfe 10a, 70173 Stuttgart <a href=\"http:\/\/www.baden-wuerttemberg.datenschutz.de\/\" target=\"_blank\" rel=\"noopener\">http:\/\/www.baden-wuerttemberg.datenschutz.de\/<\/a><\/p>\n<h4>Job title and professional regulations<\/h4>\n<p>Job title: Facharzt f\u00fcr Frauenheilkunde und Geburtshilfe<br \/>\nResponsible board: Landes\u00e4rztekammer<br \/>\nAuthorisation granted by: Baden-W\u00fcrttemberg<br \/>\nThe following professional regulations apply:<br \/>\nRegulations accessible under: <a href=\"http:\/\/www.laek-bw.de\" target=\"_blank\" rel=\"noopener\">http:\/\/www.laek-bw.de<\/a><\/p>\n<h4>Information concerning professional indemnity insurance:<\/h4>\n<p>Name and residence of insurer: HDI Versicherung AG 30650 Hannover Scope of insurance: Deutschland<\/p>\n<h4>Responsible for contents acc. to Sec. 55, para. 2 German Federal Broadcasting Agreement (RstV)<\/h4>\n<p>Dres. Ulrich und In\u00e9s G\u00f6hring Hagellocher Weg 63 72070 T\u00fcbingen<\/p>\n<h4>Dispute resolution<\/h4>\n<p>The European Commission provides a platform for online dispute resolution (OS): <a href=\"https:\/\/ec.europa.eu\/consumers\/odr\" target=\"_blank\" rel=\"noopener\">https:\/\/ec.europa.eu\/consumers\/odr<\/a>. Please find our email in the impressum\/legal notice. We do not take part in online dispute resolutions at consumer arbitration boards.<\/p>\n<h4>Liability for Contents<\/h4>\n<p>As service providers, we are liable for own contents of these websites according to Sec. 7, paragraph 1 German Telemedia Act (TMG). However, according to Sec. 8 to 10 German Telemedia Act (TMG), service providers are not obligated to permanently monitor submitted or stored information or to search for evidences that indicate illegal activities. Legal obligations to removing information or to blocking the use of information remain unchallenged. In this case, liability is only possible at the time of knowledge about a specific violation of law. Illegal contents will be removed immediately at the time we get knowledge of them.<\/p>\n<h4>Liability for Links<\/h4>\n<p>Our offer includes links to external third party websites. We have no influence on the contents of those websites, therefore we cannot guarantee for those contents. Providers or administrators of linked websites are always responsible for their own contents. The linked websites had been checked for possible violations of law at the time of the establishment of the link. Illegal contents were not detected at the time of the linking. A permanent monitoring of the contents of linked websites cannot be imposed without reasonable indications that there has been a violation of law. Illegal links will be removed immediately at the time we get knowledge of them.<\/p>\n<h4>Copyright<\/h4>\n<p>Contents and compilations published on these websites by the providers are subject to German copyright laws. Reproduction, editing, distribution as well as the use of any kind outside the scope of the copyright law require a written permission of the author or originator. Downloads and copies of these websites are permitted for private use only. The commercial use of our contents without permission of the originator is prohibited. Copyright laws of third parties are respected as long as the contents on these websites do not originate from the provider. Contributions of third parties on this site are indicated as such. However, if you notice any violations of copyright law, please inform us. Such contents will be removed immediately.<\/p>\n<\/div><\/section><br \/>\n<section  class='av_textblock_section av-av_textblock-2de302bf1aa3cf4c9157dbe6f50ac7eb '   itemscope=\"itemscope\" itemtype=\"https:\/\/schema.org\/CreativeWork\" ><div class='avia_textblock'  itemprop=\"text\" ><p>Design: Christiane Hemmerich Konzeption und Gestaltung, T\u00fcbingen, <a href=\"http:\/\/www.hemmerich.de\/\" target=\"_blank\" rel=\"noopener\">www.hemmerich.de<\/a><br \/>\nPhotos: J\u00f6rg J\u00e4ger, Kusterdingen, <a href=\"http:\/\/www.joergjaeger.com\" target=\"_blank\" rel=\"noopener\">www.joergjaeger.com<\/a><br \/>\nPortraits: Gudrun de Maddalena, T\u00fcbingen,\u00a0<a href=\"https:\/\/www.demaddalenafoto.com\/\">www.demaddalenafoto.com<\/a>,\u00a0Silke Sommer, T\u00fcbingen, <a href=\"http:\/\/www.fotografie-silkesommer.de\" target=\"_blank\" rel=\"noopener\">www.fotografie-silkesommer.de<\/a><br \/>\nProgramming: Internetagentur <a href=\"https:\/\/www.econsor.de\/\" target=\"_blank\" rel=\"noopener\">econsor GmbH<\/a><\/p>\n<\/div><\/section><br \/>\n\n<style type=\"text\/css\" data-created_by=\"avia_inline_auto\" id=\"style-css-av-av_hr-fbebcb4fe7f7f93a621d8b6783460008\">\n#top .hr.hr-invisible.av-av_hr-fbebcb4fe7f7f93a621d8b6783460008{\nheight:30px;\n}\n<\/style>\n<div  class='hr av-av_hr-fbebcb4fe7f7f93a621d8b6783460008 hr-invisible  avia-builder-el-6  el_after_av_textblock  el_before_av_textblock '><span class='hr-inner '><span class=\"hr-inner-style\"><\/span><\/span><\/div><br \/>\n<section  class='av_textblock_section av-av_textblock-2de302bf1aa3cf4c9157dbe6f50ac7eb '   itemscope=\"itemscope\" itemtype=\"https:\/\/schema.org\/CreativeWork\" ><div class='avia_textblock'  itemprop=\"text\" ><h4 style=\"line-height: 22px;\">Other<\/h4>\n<h5 style=\"line-height: 22px; font-size: 14px; margin-top: 10px;\">Dr. med. In\u00e9s G\u00f6hring and dr. med. Ulrich G\u00f6hring, Specialists in gynecology and obstetrics, additional qualification in gynecological endocrinology and reproductive medicine.<\/h5>\n<p><span style=\"font-weight: 600;\">The professional titles &#8220;doctor&#8221; as well as the designations &#8220;specialist for gynecology and obstetrics&#8221; became Dr. med. In\u00e9s and dr. Ulrich G\u00f6hring awarded in Germany. <\/span>They are subject to the professional regulations as amended. Details can be found at the <a href=\"https:\/\/www.aerztekammer-bw.de\/\" target=\"_blank\" rel=\"noopener\">Regional Medical Association of Baden-W\u00fcrttemberg<\/a> and the <a href=\"https:\/\/www.bundesaerztekammer.de\/\" target=\"_blank\" rel=\"noopener\">German Medical Association<\/a> <\/p>\n<p><span style=\"font-weight: 600;\">Dr. med. In\u00e9s and Ulrich G\u00f6hring are members of the Regional Medical Association of Baden-W\u00fcrttemberg, District Medical Association of Southern W\u00fcrttemberg and the Association of Statutory Health Insurance Physicians Baden-W\u00fcrttemberg.<\/span> <\/p>\n<p><a href=\"http:\/\/www.kvbawue.de\/\" target=\"_blank\" rel=\"noopener\">Kassen\u00e4rztliche Vereinigung Baden-W\u00fcrttemberg<\/a><br \/>\nHaldenhausstrasse 11, 72770 Reutlingen<br \/>\nTelephone: 07121-917-0<br \/>\nFax: 07121-917-400<\/p>\n<h5>In addition, we are members in numerous companies and associations<\/h5>\n<p>\u2022 Federal Association of Reproductive Medicine Centers Germany e. V. (BRZ) <a href=\"https:\/\/repromed.de\/\" target=\"_blank\" rel=\"noopener\">www.repromed.de<\/a><br \/>\n\u2022 Reproductive Medicine Centers Baden-W\u00fcrttemberg e.V. (RZBW) <a href=\"https:\/\/www.rzbw.de\/\" target=\"_blank\" rel=\"noopener\">www.rzbw.de<\/a><br \/>\n\u2022 German Society for Reproductive Medicine e.V <a href=\"https:\/\/www.repromedizin.de\/\" target=\"_blank\" rel=\"noopener\">www.repromedizin.de<\/a><br \/>\n\u2022 Donor Insemination Working Group e. V. <a href=\"https:\/\/www.donogene-insemination.de\/\" target=\"_blank\" rel=\"noopener\">www.donogene-insemination.de<\/a><br \/>\n\u2022 German Society for Andrology <a href=\"https:\/\/www.dgandrologie.de\/\" target=\"_blank\" rel=\"noopener\">www.dgandrologie.de<\/a><br \/>\n\u2022 German Society for Gynecological Endocrinology and Reproductive Medicine e.V. (DGGEF) <a href=\"https:\/\/www.dggef.de\" target=\"_blank\" rel=\"noopener\">www.dggef.de<\/a><br \/>\n\u2022 Society for Quality Management in Health Care e.V. (GQMG)<a href=\"https:\/\/www.gqmg.de\" target=\"_blank\" rel=\"noopener\">www.gqmg.de<\/a><\/p>\n<\/div><\/section><\/p><\/div>\n\n<style type=\"text\/css\" data-created_by=\"avia_inline_auto\" id=\"style-css-av-av_hr-d50449065512dfb87382cb0128eaa335\">\n#top .hr.hr-invisible.av-av_hr-d50449065512dfb87382cb0128eaa335{\nheight:100px;\n}\n<\/style>\n<div  class='hr av-av_hr-d50449065512dfb87382cb0128eaa335 hr-invisible  avia-builder-el-8  el_after_av_four_fifth  avia-builder-el-last '><span class='hr-inner '><span class=\"hr-inner-style\"><\/span><\/span><\/div>\n","protected":false},"excerpt":{"rendered":"","protected":false},"author":184,"featured_media":0,"parent":0,"menu_order":0,"comment_status":"closed","ping_status":"closed","template":"","meta":{"footnotes":""},"class_list":["post-369","page","type-page","status-publish","hentry"],"_links":{"self":[{"href":"https:\/\/www.kinderwunschpraxis.com\/en\/wp-json\/wp\/v2\/pages\/369","targetHints":{"allow":["GET"]}}],"collection":[{"href":"https:\/\/www.kinderwunschpraxis.com\/en\/wp-json\/wp\/v2\/pages"}],"about":[{"href":"https:\/\/www.kinderwunschpraxis.com\/en\/wp-json\/wp\/v2\/types\/page"}],"author":[{"embeddable":true,"href":"https:\/\/www.kinderwunschpraxis.com\/en\/wp-json\/wp\/v2\/users\/184"}],"replies":[{"embeddable":true,"href":"https:\/\/www.kinderwunschpraxis.com\/en\/wp-json\/wp\/v2\/comments?post=369"}],"version-history":[{"count":17,"href":"https:\/\/www.kinderwunschpraxis.com\/en\/wp-json\/wp\/v2\/pages\/369\/revisions"}],"predecessor-version":[{"id":17104,"href":"https:\/\/www.kinderwunschpraxis.com\/en\/wp-json\/wp\/v2\/pages\/369\/revisions\/17104"}],"wp:attachment":[{"href":"https:\/\/www.kinderwunschpraxis.com\/en\/wp-json\/wp\/v2\/media?parent=369"}],"curies":[{"name":"wp","href":"https:\/\/api.w.org\/{rel}","templated":true}]}}